{"id":381,"date":"2023-03-24T02:01:50","date_gmt":"2023-03-24T02:01:50","guid":{"rendered":"https:\/\/simhateli.com\/?page_id=381"},"modified":"2023-05-18T16:58:12","modified_gmt":"2023-05-18T16:58:12","slug":"team-boy-6-12-ans","status":"publish","type":"page","link":"https:\/\/simhateli.com\/?page_id=381","title":{"rendered":"TEAM BOY  6-12 ans"},"content":{"rendered":"<div class=\"nicepage-container\"><div class=\"\" style=\"\" >        <script>\n            (function ($) {\n                var ResponsiveCms = window.ResponsiveCms;\n                if (!ResponsiveCms) {\n                    return;\n                }\n                ResponsiveCms.contentDom = $('script:last').parent();\n                ResponsiveCms.prevMode = \"XL\";\n\n                if (typeof ResponsiveCms.recalcClasses === 'function') {\n                    ResponsiveCms.recalcClasses();\n                }\n            })(jQuery);\n        <\/script>\n        \n    \n    <section class=\"u-clearfix u-section-2\" id=\"carousel_252c\">\n      <mci-extension id=\"overlay-root\"><\/mci-extension>\n      <mci-extension id=\"overlay-root\"><\/mci-extension>\n      <div class=\"u-container-style u-custom-color-9 u-expanded-width-md u-expanded-width-sm u-expanded-width-xs u-group u-shape-rectangle u-group-1\">\n        <div class=\"u-container-layout u-container-layout-1\"><span class=\"u-icon u-text-white u-icon-1\"><svg class=\"u-svg-link\" preserveAspectRatio=\"xMidYMin slice\" viewBox=\"0 0 54.757 54.757\" style=\"\"><use xmlns:xlink=\"http:\/\/www.w3.org\/1999\/xlink\" xlink:href=\"#svg-6be7\"><\/use><\/svg><svg class=\"u-svg-content\" viewBox=\"0 0 54.757 54.757\" x=\"0px\" y=\"0px\" id=\"svg-6be7\" style=\"enable-background:new 0 0 54.757 54.757;\"><g><path d=\"M27.557,12c-3.859,0-7,3.141-7,7s3.141,7,7,7s7-3.141,7-7S31.416,12,27.557,12z M27.557,24c-2.757,0-5-2.243-5-5\n\t\ts2.243-5,5-5s5,2.243,5,5S30.314,24,27.557,24z\"><\/path><path d=\"M40.94,5.617C37.318,1.995,32.502,0,27.38,0c-5.123,0-9.938,1.995-13.56,5.617c-6.703,6.702-7.536,19.312-1.804,26.952\n\t\tL27.38,54.757L42.721,32.6C48.476,24.929,47.643,12.319,40.94,5.617z M41.099,31.431L27.38,51.243L13.639,31.4\n\t\tC8.44,24.468,9.185,13.08,15.235,7.031C18.479,3.787,22.792,2,27.38,2s8.901,1.787,12.146,5.031\n\t\tC45.576,13.08,46.321,24.468,41.099,31.431z\"><\/path>\n<\/g><\/svg><\/span>\n        <\/div>\n      <\/div>\n      <div class=\"u-clearfix u-gutter-20 u-layout-wrap u-layout-wrap-1\">\n        <div class=\"u-layout\">\n          <div class=\"u-layout-row\">\n            <div class=\"u-size-38\">\n              <div class=\"u-layout-col\">\n                <div class=\"u-container-style u-custom-color-1 u-layout-cell u-left-cell u-size-60 u-layout-cell-1\">\n                  <div class=\"u-container-layout u-valign-top-md u-valign-top-sm u-container-layout-2\">\n                    <h1 class=\"u-custom-font u-font-georgia u-text u-text-body-color u-text-1\">Sejours Gar\u00e7ons 6-12 ans&nbsp;<\/h1>\n                    <h2 class=\"u-custom-font u-font-georgia u-text u-text-default u-text-2\">Du 9 au 26 juillet<\/h2>\n                    <p class=\"u-text u-text-default-lg u-text-default-md u-text-default-sm u-text-default-xl u-text-3\"> Prix&nbsp;: 1090\u20ac +140\u20ac de transport&nbsp;<br>&nbsp;Adh\u00e9sion&nbsp;: 20\u20ac&nbsp;<br>Option karting&nbsp;: 90\u20ac&nbsp;&nbsp;<br>Bons et ch\u00e8ques vacances accept\u00e9s, paiement par CB \u00e0 distance&nbsp;<br>\n                    <\/p>\n                    <a href=\"https:\/\/simhateli.com\/?page_id=577\" class=\"u-btn u-button-style u-btn-1\" spellcheck=\"false\">JE VEUX M'INSCRIRE<\/a>\n                    <mci-extension id=\"overlay-root\"><\/mci-extension>\n                    <mci-extension id=\"overlay-root\"><\/mci-extension>\n                    <mci-extension id=\"overlay-root\"><\/mci-extension>\n                    <mci-extension id=\"overlay-root\"><\/mci-extension>\n                    <mci-extension id=\"overlay-root\"><\/mci-extension>\n                  <\/div>\n                <\/div>\n              <\/div>\n            <\/div>\n            <div class=\"u-size-22\">\n              <div class=\"u-layout-col\">\n                <div class=\"u-container-style u-hidden-xs u-layout-cell u-right-cell u-size-30 u-layout-cell-2\">\n                  <div class=\"u-container-layout u-valign-top-xl u-container-layout-3\">\n                    <h3 class=\"u-custom-font u-font-georgia u-hidden-sm u-hidden-xl u-text u-text-default u-text-4\" spellcheck=\"false\">GAP<\/h3>\n                    <mci-extension id=\"overlay-root\" style=\"margin-bottom: 0px;\"><\/mci-extension>\n                    <h2 class=\"u-custom-font u-font-georgia u-hidden-sm u-hidden-xl u-subtitle u-text u-text-5\" spellcheck=\"false\">SISTERON<\/h2>\n                    <mci-extension id=\"overlay-root\"><\/mci-extension>\n                    <h1 class=\"u-custom-font u-font-georgia u-hidden-md u-text u-text-body-color u-text-6\" spellcheck=\"false\">GAP<br>\n                      <span style=\"font-size: 1.875rem;\">SISTERON<\/span>\n                    <\/h1>\n                    <mci-extension id=\"overlay-root\"><\/mci-extension>\n                    <mci-extension id=\"overlay-root\"><\/mci-extension>\n                    <mci-extension id=\"overlay-root\"><\/mci-extension>\n                    <mci-extension id=\"overlay-root\"><\/mci-extension>\n                  <\/div>\n                <\/div>\n                <div class=\"u-container-style u-image u-layout-cell u-right-cell u-size-30 u-image-1\" data-image-width=\"2560\" data-image-height=\"1614\" style=\"background-image: url(&quot;http:\/\/simhateli.com\/wp-content\/uploads\/2023\/04\/pexels-pixabay-247600-2048x1291.jpg&quot;);\">\n                  <div class=\"u-container-layout u-container-layout-4\"><\/div>\n                <\/div>\n              <\/div>\n            <\/div>\n          <\/div>\n        <\/div>\n      <\/div>\n      <h3 class=\"u-custom-font u-font-georgia u-text u-text-custom-color-5 u-text-7\"><b>Le \"prix tout compris\"<\/b>\n      <\/h3>\n      <div class=\"fr-view u-clearfix u-rich-text u-text u-text-8\">\n        <ul>\n          <li style=\"font-size: 1.25rem;\">\n            <span class=\"u-custom-font u-font-montserrat\">Le transport en TGV<\/span>\n          <\/li>\n          <li>\n            <span class=\"u-custom-font u-font-montserrat\">Transfert en navette privatis\u00e9e, &nbsp;<\/span>\n          <\/li>\n          <li>\n            <span class=\"u-custom-font u-font-montserrat\">l\u2019h\u00e9bergement, &nbsp;<\/span>\n          <\/li>\n          <li>\n            <span class=\"u-custom-font u-font-montserrat\">la pension compl\u00e8te Glatt cach\u00e8re,<\/span>\n          <\/li>\n          <li>\n            <span class=\"u-custom-font u-font-montserrat\">l\u2019encadrement,<\/span>\n          <\/li>\n          <li>\n            <span class=\"u-custom-font u-font-montserrat\">les activit\u00e9s,<\/span>\n          <\/li>\n          <li style=\"font-size: 1.25rem;\">\n            <span class=\"u-custom-font u-font-montserrat\">l\u2019assurance RC.<\/span>\n          <\/li>\n        <\/ul>\n      <\/div>\n      <h3 class=\"u-custom-font u-font-georgia u-text u-text-custom-color-5 u-text-9\"><b>Le cadre de vie<\/b>\n      <\/h3>\n      <p class=\"u-align-justify-lg u-align-justify-md u-align-justify-xl u-custom-font u-font-montserrat u-large-text u-text u-text-variant u-text-10\"> Au&nbsp;<b>\n          <span style=\"font-weight: 400;\">c\u0153ur du Parc National des \u00e9crins, Ventavon est un petit paradis prot\u00e9g\u00e9. Place au d\u00e9paysement&nbsp;!<u><\/u>&nbsp;<u><\/u>\n          <\/span><\/b>\n        <br><b>\n          <span style=\"font-weight: 400;\">Ce charmant village se situe \u00e0 quelques kilom\u00e8tres de Sisteron et Gap.<span style=\"font-weight: 700;\">\n              <span style=\"font-weight: 400;\">Cett<\/span>\n            <\/span>\n          <\/span>\n          <span style=\"font-weight: 400;\">e r\u00e9gion b\u00e9n\u00e9ficie de 300 jours de soleil par an et vous offre de magnifiques paysages.&nbsp;<\/span><u><\/u>&nbsp;<\/b>\n      <\/p>\n      <h3 class=\"u-custom-font u-font-georgia u-text u-text-custom-color-5 u-text-11\"><b>H\u00e9bergement&nbsp; <\/b>\n      <\/h3>\n      <p class=\"u-align-justify-lg u-align-justify-md u-align-justify-xl u-custom-font u-font-montserrat u-large-text u-text u-text-variant u-text-12\"> Ce beau centre accueillera environ 80 enfants. Les chambres de 2 \u00e0 6 couchages poss\u00e8dent chacune leur salle de bain. Une grande salle \u00e0 manger, de superbes salles d\u2019activit\u00e9s et un magnifique espace de 3 hectares dot\u00e9s de terrains de basket et foot seront \u00e0 notre disposition.&nbsp;<\/p>\n      <h3 class=\"u-custom-font u-font-georgia u-text u-text-custom-color-5 u-text-13\"><b>Activit\u00e9s \u00e0 la carte&nbsp;<\/b><b><u><\/u>&nbsp; <\/b>\n      <\/h3>\n      <p class=\"u-align-justify-lg u-align-justify-md u-align-justify-xl u-custom-font u-font-montserrat u-large-text u-text u-text-variant u-text-14\"><b>\n          <span style=\"font-weight: 400;\">Un<\/span>\n          <span style=\"font-weight: 400;\">&nbsp;cocktail d'activit\u00e9s nautiques et de d\u00e9tente pour simplement profiter au max du charme de cette r\u00e9gion.<u><\/u>&nbsp;<u><\/u>Un s\u00e9jour o\u00f9&nbsp;les enfants planifient eux-m\u00eames leurs vacances&nbsp;au fil de leurs envies. Ils ont le choix de leurs activit\u00e9s&nbsp;: l\u2019\u00e9quitation, &nbsp;tennis, accrobranche, Paint Ball, mini-golf, Tir \u00e0 l\u2019arc, VTT, \u2026.&nbsp;<u><\/u>&nbsp;\n          <\/span><u><\/u><\/b>\n        <br><b>\n          <span style=\"font-weight: 400;\">Sans oublier le Wake Park et ses activit\u00e9s nautiques d\u00e9tonantes&nbsp;: Rafting, bou\u00e9es tract\u00e9es \u2026<u><\/u>&nbsp;<u><\/u>Notre passionnant Color War et nos c\u00e9l\u00e8bres jeux en plein air Pekin Express, Fort Boyard ainsi qu\u2019une kermesse g\u00e9ante vous en mettront plein la vue. Les enfants auront des \u00e9toiles dans les yeux et la t\u00eate remplie de merveilleux souvenirs.\n          <\/span><\/b>\n      <\/p>\n      <h3 class=\"u-custom-font u-font-georgia u-text u-text-custom-color-5 u-text-default u-text-15\"><b>Les \u00ab&nbsp;Plus&nbsp;\u00bb :<\/b>\n      <\/h3>\n      <p class=\"u-align-justify-lg u-align-justify-md u-align-justify-xl u-custom-font u-font-montserrat u-large-text u-text u-text-variant u-text-16\"><b>\n          <span style=\"font-weight: 400;\">Entrez dans l\u2019Ambiance<u><\/u>&nbsp;<u><\/u>Apr\u00e8s des journ\u00e9es bien remplies, les enfants pourront se d\u00e9tendre avec les Kiff time&nbsp;: jeux vid\u00e9o, baby-foot, ping-pong, th\u00e9\u00e2tre, tournoi\n          <\/span>\n          <span style=\"font-weight: 400;\">&nbsp;de Foot\u2026.<u><\/u>&nbsp;<u><\/u>Nos animateurs sont vraiment \u00e9tonnants&nbsp;!! Leur imagination est sans limite pour vous concocter des animations de folie&nbsp;: Soir\u00e9e Paparazzi, casino, Top Chef, The voice, 60\u2019 chrono, Soir\u00e9es D\u00e9fis, spectacle final cr\u00e9\u00e9 par les colons.<u><\/u>&nbsp;<u><\/u>Les enfants profiteront d\u2019une cuisine familiale, soign\u00e9e, et vari\u00e9e digne de Master Chef&nbsp;sans oublier nos buffets \u00e0 th\u00e8me pour divertir leurs papilles&nbsp;: Italien, USA, isra\u00e9lien, chinois, espagnol.<u><\/u>&nbsp;<u><\/u>Soyez pr\u00eats&nbsp;!&nbsp;\n          <\/span><u><\/u>&nbsp;<\/b>\n      <\/p>\n      <h3 class=\"u-custom-font u-font-georgia u-hidden-lg u-hidden-md u-hidden-sm u-hidden-xl u-text u-text-17\" spellcheck=\"false\">GAP<br>\n        <span style=\"font-size: 1.5rem;\">SISTERON<\/span>\n      <\/h3>\n      <mci-extension id=\"overlay-root\"><\/mci-extension>\n      <mci-extension id=\"overlay-root\"><\/mci-extension>\n      <mci-extension id=\"overlay-root\"><\/mci-extension>\n      <mci-extension id=\"overlay-root\"><\/mci-extension>\n      <mci-extension id=\"overlay-root\"><\/mci-extension>\n      <mci-extension id=\"overlay-root\"><\/mci-extension>\n      <mci-extension id=\"overlay-root\"><\/mci-extension>\n      <mci-extension id=\"overlay-root\"><\/mci-extension>\n    <\/section>\n    <section class=\"u-clearfix u-image u-section-3\" id=\"sec-c55e\" data-image-width=\"1600\" data-image-height=\"1200\" style=\"background-image: url(&quot;http:\/\/simhateli.com\/wp-content\/uploads\/2023\/04\/3f89c467-b3c6-464f-8a15-183dee1fee2e1.jpg&quot;);\"><\/section>\n    \n    \n    \n  \n<\/div><\/div>","protected":false},"excerpt":{"rendered":"<p>Sejours Gar\u00e7ons 6-12 ans&nbsp; Du 9 au 26 juillet Prix&nbsp;: 1090\u20ac +140\u20ac de transport&nbsp;&nbsp;Adh\u00e9sion&nbsp;: 20\u20ac&nbsp;Option karting&nbsp;: 90\u20ac&nbsp;&nbsp;Bons et ch\u00e8ques vacances accept\u00e9s, paiement par CB \u00e0 distance&nbsp; JE VEUX M&rsquo;INSCRIRE GAP SISTERON GAP SISTERON Le \u00ab\u00a0prix tout compris\u00a0\u00bb Le transport en TGV Transfert en navette privatis\u00e9e, &nbsp; l\u2019h\u00e9bergement, &nbsp; la pension compl\u00e8te Glatt cach\u00e8re, l\u2019encadrement, les &hellip;<\/p>\n<p class=\"read-more\"> <a class=\"\" href=\"https:\/\/simhateli.com\/?page_id=381\"> <span class=\"screen-reader-text\">TEAM BOY  6-12 ans<\/span> Lire la suite\u00a0\u00bb<\/a><\/p>\n","protected":false},"author":1,"featured_media":0,"parent":0,"menu_order":0,"comment_status":"closed","ping_status":"closed","template":"","meta":{"_uag_custom_page_level_css":"","site-sidebar-layout":"default","site-content-layout":"default","ast-global-header-display":"","ast-main-header-display":"","ast-hfb-above-header-display":"","ast-hfb-below-header-display":"","ast-hfb-mobile-header-display":"","site-post-title":"","ast-breadcrumbs-content":"","ast-featured-img":"","footer-sml-layout":"","theme-transparent-header-meta":"","adv-header-id-meta":"","stick-header-meta":"","header-above-stick-meta":"","header-main-stick-meta":"","header-below-stick-meta":""},"yoast_head":"<!-- This site is optimized with the Yoast SEO plugin v20.7 - https:\/\/yoast.com\/wordpress\/plugins\/seo\/ -->\n<title>TEAM BOY 6-12 ans - Accueil<\/title>\n<meta name=\"robots\" content=\"index, follow, max-snippet:-1, max-image-preview:large, max-video-preview:-1\" \/>\n<link rel=\"canonical\" href=\"https:\/\/simhateli.com\/?page_id=381\" \/>\n<meta property=\"og:locale\" content=\"fr_FR\" \/>\n<meta property=\"og:type\" content=\"article\" \/>\n<meta property=\"og:title\" content=\"TEAM BOY 6-12 ans - Accueil\" \/>\n<meta property=\"og:description\" content=\"Sejours Gar\u00e7ons 6-12 ans&nbsp; Du 9 au 26 juillet Prix&nbsp;: 1090\u20ac +140\u20ac de transport&nbsp;&nbsp;Adh\u00e9sion&nbsp;: 20\u20ac&nbsp;Option karting&nbsp;: 90\u20ac&nbsp;&nbsp;Bons et ch\u00e8ques vacances accept\u00e9s, paiement par CB \u00e0 distance&nbsp; JE VEUX M&#039;INSCRIRE GAP SISTERON GAP SISTERON Le &quot;prix tout compris&quot; Le transport en TGV Transfert en navette privatis\u00e9e, &nbsp; l\u2019h\u00e9bergement, &nbsp; la pension compl\u00e8te Glatt cach\u00e8re, l\u2019encadrement, les &hellip; TEAM BOY 6-12 ans Lire la suite\u00a0\u00bb\" \/>\n<meta property=\"og:url\" content=\"https:\/\/simhateli.com\/?page_id=381\" \/>\n<meta property=\"og:site_name\" content=\"Accueil\" \/>\n<meta property=\"article:modified_time\" content=\"2023-05-18T16:58:12+00:00\" \/>\n<meta name=\"twitter:card\" content=\"summary_large_image\" \/>\n<meta name=\"twitter:label1\" content=\"Dur\u00e9e de lecture estim\u00e9e\" \/>\n\t<meta name=\"twitter:data1\" content=\"2 minutes\" \/>\n<script type=\"application\/ld+json\" class=\"yoast-schema-graph\">{\"@context\":\"https:\/\/schema.org\",\"@graph\":[{\"@type\":\"WebPage\",\"@id\":\"https:\/\/simhateli.com\/?page_id=381\",\"url\":\"https:\/\/simhateli.com\/?page_id=381\",\"name\":\"TEAM BOY 6-12 ans - Accueil\",\"isPartOf\":{\"@id\":\"https:\/\/simhateli.com\/#website\"},\"datePublished\":\"2023-03-24T02:01:50+00:00\",\"dateModified\":\"2023-05-18T16:58:12+00:00\",\"breadcrumb\":{\"@id\":\"https:\/\/simhateli.com\/?page_id=381#breadcrumb\"},\"inLanguage\":\"fr-FR\",\"potentialAction\":[{\"@type\":\"ReadAction\",\"target\":[\"https:\/\/simhateli.com\/?page_id=381\"]}]},{\"@type\":\"BreadcrumbList\",\"@id\":\"https:\/\/simhateli.com\/?page_id=381#breadcrumb\",\"itemListElement\":[{\"@type\":\"ListItem\",\"position\":1,\"name\":\"Accueil\",\"item\":\"https:\/\/simhateli.com\/\"},{\"@type\":\"ListItem\",\"position\":2,\"name\":\"TEAM BOY 6-12 ans\"}]},{\"@type\":\"WebSite\",\"@id\":\"https:\/\/simhateli.com\/#website\",\"url\":\"https:\/\/simhateli.com\/\",\"name\":\"Accueil\",\"description\":\"\",\"publisher\":{\"@id\":\"https:\/\/simhateli.com\/#organization\"},\"potentialAction\":[{\"@type\":\"SearchAction\",\"target\":{\"@type\":\"EntryPoint\",\"urlTemplate\":\"https:\/\/simhateli.com\/?s={search_term_string}\"},\"query-input\":\"required name=search_term_string\"}],\"inLanguage\":\"fr-FR\"},{\"@type\":\"Organization\",\"@id\":\"https:\/\/simhateli.com\/#organization\",\"name\":\"Accueil\",\"url\":\"https:\/\/simhateli.com\/\",\"logo\":{\"@type\":\"ImageObject\",\"inLanguage\":\"fr-FR\",\"@id\":\"https:\/\/simhateli.com\/#\/schema\/logo\/image\/\",\"url\":\"https:\/\/simhateli.com\/wp-content\/uploads\/2023\/03\/Sans-titre-2.png\",\"contentUrl\":\"https:\/\/simhateli.com\/wp-content\/uploads\/2023\/03\/Sans-titre-2.png\",\"width\":2479,\"height\":3507,\"caption\":\"Accueil\"},\"image\":{\"@id\":\"https:\/\/simhateli.com\/#\/schema\/logo\/image\/\"}}]}<\/script>\n<!-- \/ Yoast SEO plugin. -->","yoast_head_json":{"title":"TEAM BOY 6-12 ans - Accueil","robots":{"index":"index","follow":"follow","max-snippet":"max-snippet:-1","max-image-preview":"max-image-preview:large","max-video-preview":"max-video-preview:-1"},"canonical":"https:\/\/simhateli.com\/?page_id=381","og_locale":"fr_FR","og_type":"article","og_title":"TEAM BOY 6-12 ans - Accueil","og_description":"Sejours Gar\u00e7ons 6-12 ans&nbsp; Du 9 au 26 juillet Prix&nbsp;: 1090\u20ac +140\u20ac de transport&nbsp;&nbsp;Adh\u00e9sion&nbsp;: 20\u20ac&nbsp;Option karting&nbsp;: 90\u20ac&nbsp;&nbsp;Bons et ch\u00e8ques vacances accept\u00e9s, paiement par CB \u00e0 distance&nbsp; JE VEUX M'INSCRIRE GAP SISTERON GAP SISTERON Le \"prix tout compris\" Le transport en TGV Transfert en navette privatis\u00e9e, &nbsp; l\u2019h\u00e9bergement, &nbsp; la pension compl\u00e8te Glatt cach\u00e8re, l\u2019encadrement, les &hellip; TEAM BOY 6-12 ans Lire la suite\u00a0\u00bb","og_url":"https:\/\/simhateli.com\/?page_id=381","og_site_name":"Accueil","article_modified_time":"2023-05-18T16:58:12+00:00","twitter_card":"summary_large_image","twitter_misc":{"Dur\u00e9e de lecture estim\u00e9e":"2 minutes"},"schema":{"@context":"https:\/\/schema.org","@graph":[{"@type":"WebPage","@id":"https:\/\/simhateli.com\/?page_id=381","url":"https:\/\/simhateli.com\/?page_id=381","name":"TEAM BOY 6-12 ans - Accueil","isPartOf":{"@id":"https:\/\/simhateli.com\/#website"},"datePublished":"2023-03-24T02:01:50+00:00","dateModified":"2023-05-18T16:58:12+00:00","breadcrumb":{"@id":"https:\/\/simhateli.com\/?page_id=381#breadcrumb"},"inLanguage":"fr-FR","potentialAction":[{"@type":"ReadAction","target":["https:\/\/simhateli.com\/?page_id=381"]}]},{"@type":"BreadcrumbList","@id":"https:\/\/simhateli.com\/?page_id=381#breadcrumb","itemListElement":[{"@type":"ListItem","position":1,"name":"Accueil","item":"https:\/\/simhateli.com\/"},{"@type":"ListItem","position":2,"name":"TEAM BOY 6-12 ans"}]},{"@type":"WebSite","@id":"https:\/\/simhateli.com\/#website","url":"https:\/\/simhateli.com\/","name":"Accueil","description":"","publisher":{"@id":"https:\/\/simhateli.com\/#organization"},"potentialAction":[{"@type":"SearchAction","target":{"@type":"EntryPoint","urlTemplate":"https:\/\/simhateli.com\/?s={search_term_string}"},"query-input":"required name=search_term_string"}],"inLanguage":"fr-FR"},{"@type":"Organization","@id":"https:\/\/simhateli.com\/#organization","name":"Accueil","url":"https:\/\/simhateli.com\/","logo":{"@type":"ImageObject","inLanguage":"fr-FR","@id":"https:\/\/simhateli.com\/#\/schema\/logo\/image\/","url":"https:\/\/simhateli.com\/wp-content\/uploads\/2023\/03\/Sans-titre-2.png","contentUrl":"https:\/\/simhateli.com\/wp-content\/uploads\/2023\/03\/Sans-titre-2.png","width":2479,"height":3507,"caption":"Accueil"},"image":{"@id":"https:\/\/simhateli.com\/#\/schema\/logo\/image\/"}}]}},"uagb_featured_image_src":{"full":false,"thumbnail":false,"medium":false,"medium_large":false,"large":false,"1536x1536":false,"2048x2048":false,"woocommerce_thumbnail":false,"woocommerce_single":false,"woocommerce_gallery_thumbnail":false},"uagb_author_info":{"display_name":"evahassine30@gmail.com","author_link":"https:\/\/simhateli.com\/?author=1"},"uagb_comment_info":0,"uagb_excerpt":"Sejours Gar\u00e7ons 6-12 ans&nbsp; Du 9 au 26 juillet Prix&nbsp;: 1090\u20ac +140\u20ac de transport&nbsp;&nbsp;Adh\u00e9sion&nbsp;: 20\u20ac&nbsp;Option karting&nbsp;: 90\u20ac&nbsp;&nbsp;Bons et ch\u00e8ques vacances accept\u00e9s, paiement par CB \u00e0 distance&nbsp; JE VEUX M'INSCRIRE GAP SISTERON GAP SISTERON Le \"prix tout compris\" Le transport en TGV Transfert en navette privatis\u00e9e, &nbsp; l\u2019h\u00e9bergement, &nbsp; la pension compl\u00e8te Glatt cach\u00e8re, l\u2019encadrement, les\u2026","_links":{"self":[{"href":"https:\/\/simhateli.com\/index.php?rest_route=\/wp\/v2\/pages\/381"}],"collection":[{"href":"https:\/\/simhateli.com\/index.php?rest_route=\/wp\/v2\/pages"}],"about":[{"href":"https:\/\/simhateli.com\/index.php?rest_route=\/wp\/v2\/types\/page"}],"author":[{"embeddable":true,"href":"https:\/\/simhateli.com\/index.php?rest_route=\/wp\/v2\/users\/1"}],"replies":[{"embeddable":true,"href":"https:\/\/simhateli.com\/index.php?rest_route=%2Fwp%2Fv2%2Fcomments&post=381"}],"version-history":[{"count":26,"href":"https:\/\/simhateli.com\/index.php?rest_route=\/wp\/v2\/pages\/381\/revisions"}],"predecessor-version":[{"id":722,"href":"https:\/\/simhateli.com\/index.php?rest_route=\/wp\/v2\/pages\/381\/revisions\/722"}],"wp:attachment":[{"href":"https:\/\/simhateli.com\/index.php?rest_route=%2Fwp%2Fv2%2Fmedia&parent=381"}],"curies":[{"name":"wp","href":"https:\/\/api.w.org\/{rel}","templated":true}]}}