{"id":577,"date":"2023-04-05T15:29:29","date_gmt":"2023-04-05T15:29:29","guid":{"rendered":"https:\/\/simhateli.com\/?page_id=577"},"modified":"2023-05-01T11:09:29","modified_gmt":"2023-05-01T11:09:29","slug":"sinscrire","status":"publish","type":"page","link":"https:\/\/simhateli.com\/?page_id=577","title":{"rendered":"S&rsquo;inscrire"},"content":{"rendered":"<script type=\"text\/javascript\" src=\"\/\/www.jotform.com\/jsform\/230817009956360?redirect=1\"><\/script>\n\n\n<h2 class=\"has-text-align-center has-background\" style=\"background-color:#6dc5c8\">Pour compl\u00e9ter votre inscription veuillez t\u00e9l\u00e9charger la fiche sanitaire ci-dessous <\/h2>\n\n\n\n<div class=\"is-layout-flex wp-block-buttons\"><\/div>\n\n\n\n<div class=\"wp-block-file\"><object class=\"wp-block-file__embed\" data=\"https:\/\/simhateli.com\/wp-content\/uploads\/2023\/04\/Fiche-Sanitaire-3.pdf\" type=\"application\/pdf\" style=\"width:100%;height:515px\" aria-label=\"Contenu embarqu\u00e9 Fiche-Sanitaire-3.\"><\/object><a id=\"wp-block-file--media-20ec5eda-aed5-4bab-83a8-982f9b281f39\" href=\"https:\/\/simhateli.com\/?attachment_id=682\" target=\"_blank\" rel=\"noreferrer noopener\">Fiche-Sanitaire-3<\/a><a href=\"https:\/\/simhateli.com\/wp-content\/uploads\/2023\/04\/Fiche-Sanitaire-3.pdf\" class=\"wp-block-file__button wp-element-button\" download aria-describedby=\"wp-block-file--media-20ec5eda-aed5-4bab-83a8-982f9b281f39\">Download<\/a><\/div>\n","protected":false},"excerpt":{"rendered":"<p>Pour compl\u00e9ter votre inscription veuillez t\u00e9l\u00e9charger la fiche sanitaire ci-dessous<\/p>\n","protected":false},"author":1,"featured_media":0,"parent":0,"menu_order":0,"comment_status":"closed","ping_status":"closed","template":"","meta":{"_uag_custom_page_level_css":"","site-sidebar-layout":"default","site-content-layout":"default","ast-global-header-display":"","ast-main-header-display":"","ast-hfb-above-header-display":"","ast-hfb-below-header-display":"","ast-hfb-mobile-header-display":"","site-post-title":"","ast-breadcrumbs-content":"","ast-featured-img":"","footer-sml-layout":"","theme-transparent-header-meta":"","adv-header-id-meta":"","stick-header-meta":"","header-above-stick-meta":"","header-main-stick-meta":"","header-below-stick-meta":""},"yoast_head":"<!-- This site is optimized with the Yoast SEO plugin v20.7 - https:\/\/yoast.com\/wordpress\/plugins\/seo\/ -->\n<title>S&#039;inscrire - Accueil<\/title>\n<meta name=\"robots\" content=\"index, follow, max-snippet:-1, max-image-preview:large, max-video-preview:-1\" \/>\n<link rel=\"canonical\" href=\"https:\/\/simhateli.com\/?page_id=577\" \/>\n<meta property=\"og:locale\" content=\"fr_FR\" \/>\n<meta property=\"og:type\" content=\"article\" \/>\n<meta property=\"og:title\" content=\"S&#039;inscrire - Accueil\" \/>\n<meta property=\"og:description\" content=\"Pour compl\u00e9ter votre inscription veuillez t\u00e9l\u00e9charger la fiche sanitaire ci-dessous\" \/>\n<meta property=\"og:url\" content=\"https:\/\/simhateli.com\/?page_id=577\" \/>\n<meta property=\"og:site_name\" content=\"Accueil\" \/>\n<meta property=\"article:modified_time\" content=\"2023-05-01T11:09:29+00:00\" \/>\n<meta name=\"twitter:card\" content=\"summary_large_image\" \/>\n<script type=\"application\/ld+json\" class=\"yoast-schema-graph\">{\"@context\":\"https:\/\/schema.org\",\"@graph\":[{\"@type\":\"WebPage\",\"@id\":\"https:\/\/simhateli.com\/?page_id=577\",\"url\":\"https:\/\/simhateli.com\/?page_id=577\",\"name\":\"S'inscrire - Accueil\",\"isPartOf\":{\"@id\":\"https:\/\/simhateli.com\/#website\"},\"datePublished\":\"2023-04-05T15:29:29+00:00\",\"dateModified\":\"2023-05-01T11:09:29+00:00\",\"breadcrumb\":{\"@id\":\"https:\/\/simhateli.com\/?page_id=577#breadcrumb\"},\"inLanguage\":\"fr-FR\",\"potentialAction\":[{\"@type\":\"ReadAction\",\"target\":[\"https:\/\/simhateli.com\/?page_id=577\"]}]},{\"@type\":\"BreadcrumbList\",\"@id\":\"https:\/\/simhateli.com\/?page_id=577#breadcrumb\",\"itemListElement\":[{\"@type\":\"ListItem\",\"position\":1,\"name\":\"Accueil\",\"item\":\"https:\/\/simhateli.com\/\"},{\"@type\":\"ListItem\",\"position\":2,\"name\":\"S&rsquo;inscrire\"}]},{\"@type\":\"WebSite\",\"@id\":\"https:\/\/simhateli.com\/#website\",\"url\":\"https:\/\/simhateli.com\/\",\"name\":\"Accueil\",\"description\":\"\",\"publisher\":{\"@id\":\"https:\/\/simhateli.com\/#organization\"},\"potentialAction\":[{\"@type\":\"SearchAction\",\"target\":{\"@type\":\"EntryPoint\",\"urlTemplate\":\"https:\/\/simhateli.com\/?s={search_term_string}\"},\"query-input\":\"required name=search_term_string\"}],\"inLanguage\":\"fr-FR\"},{\"@type\":\"Organization\",\"@id\":\"https:\/\/simhateli.com\/#organization\",\"name\":\"Accueil\",\"url\":\"https:\/\/simhateli.com\/\",\"logo\":{\"@type\":\"ImageObject\",\"inLanguage\":\"fr-FR\",\"@id\":\"https:\/\/simhateli.com\/#\/schema\/logo\/image\/\",\"url\":\"https:\/\/simhateli.com\/wp-content\/uploads\/2023\/03\/Sans-titre-2.png\",\"contentUrl\":\"https:\/\/simhateli.com\/wp-content\/uploads\/2023\/03\/Sans-titre-2.png\",\"width\":2479,\"height\":3507,\"caption\":\"Accueil\"},\"image\":{\"@id\":\"https:\/\/simhateli.com\/#\/schema\/logo\/image\/\"}}]}<\/script>\n<!-- \/ Yoast SEO plugin. -->","yoast_head_json":{"title":"S'inscrire - Accueil","robots":{"index":"index","follow":"follow","max-snippet":"max-snippet:-1","max-image-preview":"max-image-preview:large","max-video-preview":"max-video-preview:-1"},"canonical":"https:\/\/simhateli.com\/?page_id=577","og_locale":"fr_FR","og_type":"article","og_title":"S'inscrire - Accueil","og_description":"Pour compl\u00e9ter votre inscription veuillez t\u00e9l\u00e9charger la fiche sanitaire ci-dessous","og_url":"https:\/\/simhateli.com\/?page_id=577","og_site_name":"Accueil","article_modified_time":"2023-05-01T11:09:29+00:00","twitter_card":"summary_large_image","schema":{"@context":"https:\/\/schema.org","@graph":[{"@type":"WebPage","@id":"https:\/\/simhateli.com\/?page_id=577","url":"https:\/\/simhateli.com\/?page_id=577","name":"S'inscrire - Accueil","isPartOf":{"@id":"https:\/\/simhateli.com\/#website"},"datePublished":"2023-04-05T15:29:29+00:00","dateModified":"2023-05-01T11:09:29+00:00","breadcrumb":{"@id":"https:\/\/simhateli.com\/?page_id=577#breadcrumb"},"inLanguage":"fr-FR","potentialAction":[{"@type":"ReadAction","target":["https:\/\/simhateli.com\/?page_id=577"]}]},{"@type":"BreadcrumbList","@id":"https:\/\/simhateli.com\/?page_id=577#breadcrumb","itemListElement":[{"@type":"ListItem","position":1,"name":"Accueil","item":"https:\/\/simhateli.com\/"},{"@type":"ListItem","position":2,"name":"S&rsquo;inscrire"}]},{"@type":"WebSite","@id":"https:\/\/simhateli.com\/#website","url":"https:\/\/simhateli.com\/","name":"Accueil","description":"","publisher":{"@id":"https:\/\/simhateli.com\/#organization"},"potentialAction":[{"@type":"SearchAction","target":{"@type":"EntryPoint","urlTemplate":"https:\/\/simhateli.com\/?s={search_term_string}"},"query-input":"required name=search_term_string"}],"inLanguage":"fr-FR"},{"@type":"Organization","@id":"https:\/\/simhateli.com\/#organization","name":"Accueil","url":"https:\/\/simhateli.com\/","logo":{"@type":"ImageObject","inLanguage":"fr-FR","@id":"https:\/\/simhateli.com\/#\/schema\/logo\/image\/","url":"https:\/\/simhateli.com\/wp-content\/uploads\/2023\/03\/Sans-titre-2.png","contentUrl":"https:\/\/simhateli.com\/wp-content\/uploads\/2023\/03\/Sans-titre-2.png","width":2479,"height":3507,"caption":"Accueil"},"image":{"@id":"https:\/\/simhateli.com\/#\/schema\/logo\/image\/"}}]}},"uagb_featured_image_src":{"full":false,"thumbnail":false,"medium":false,"medium_large":false,"large":false,"1536x1536":false,"2048x2048":false,"woocommerce_thumbnail":false,"woocommerce_single":false,"woocommerce_gallery_thumbnail":false},"uagb_author_info":{"display_name":"evahassine30@gmail.com","author_link":"https:\/\/simhateli.com\/?author=1"},"uagb_comment_info":0,"uagb_excerpt":"Pour compl\u00e9ter votre inscription veuillez t\u00e9l\u00e9charger la fiche sanitaire ci-dessous","_links":{"self":[{"href":"https:\/\/simhateli.com\/index.php?rest_route=\/wp\/v2\/pages\/577"}],"collection":[{"href":"https:\/\/simhateli.com\/index.php?rest_route=\/wp\/v2\/pages"}],"about":[{"href":"https:\/\/simhateli.com\/index.php?rest_route=\/wp\/v2\/types\/page"}],"author":[{"embeddable":true,"href":"https:\/\/simhateli.com\/index.php?rest_route=\/wp\/v2\/users\/1"}],"replies":[{"embeddable":true,"href":"https:\/\/simhateli.com\/index.php?rest_route=%2Fwp%2Fv2%2Fcomments&post=577"}],"version-history":[{"count":14,"href":"https:\/\/simhateli.com\/index.php?rest_route=\/wp\/v2\/pages\/577\/revisions"}],"predecessor-version":[{"id":706,"href":"https:\/\/simhateli.com\/index.php?rest_route=\/wp\/v2\/pages\/577\/revisions\/706"}],"wp:attachment":[{"href":"https:\/\/simhateli.com\/index.php?rest_route=%2Fwp%2Fv2%2Fmedia&parent=577"}],"curies":[{"name":"wp","href":"https:\/\/api.w.org\/{rel}","templated":true}]}}