{"id":61,"date":"2023-03-17T15:42:04","date_gmt":"2023-03-17T15:42:04","guid":{"rendered":"https:\/\/simhateli.com\/?page_id=61"},"modified":"2023-05-11T07:29:51","modified_gmt":"2023-05-11T07:29:51","slug":"qui-sommes-nous","status":"publish","type":"page","link":"https:\/\/simhateli.com\/?page_id=61","title":{"rendered":"Qui sommes nous ?"},"content":{"rendered":"<div class=\"nicepage-container\"><div class=\"\" style=\"\" >        <script>\n            (function ($) {\n                var ResponsiveCms = window.ResponsiveCms;\n                if (!ResponsiveCms) {\n                    return;\n                }\n                ResponsiveCms.contentDom = $('script:last').parent();\n                ResponsiveCms.prevMode = \"XL\";\n\n                if (typeof ResponsiveCms.recalcClasses === 'function') {\n                    ResponsiveCms.recalcClasses();\n                }\n            })(jQuery);\n        <\/script>\n        \n    \n    <section class=\"u-clearfix u-custom-color-3 u-section-2\" id=\"sec-d49c\">\n      <div class=\"u-clearfix u-sheet u-sheet-1\">\n        <mci-extension id=\"overlay-root\" style=\"margin-bottom: 0px;\"><\/mci-extension>\n        <mci-extension id=\"overlay-root\" style=\"margin-bottom: 0px;\"><\/mci-extension>\n        <mci-extension id=\"overlay-root\" style=\"margin-bottom: 0px;\"><\/mci-extension>\n        <mci-extension id=\"overlay-root\"><\/mci-extension>\n        <mci-extension id=\"overlay-root\"><\/mci-extension>\n        <mci-extension id=\"overlay-root\"><\/mci-extension>\n        <img class=\"u-flip-horizontal u-image u-image-contain u-image-default u-image-1\" src=\"http:\/\/simhateli.com\/wp-content\/uploads\/2023\/03\/Sanstitre-2.png\" alt=\"\" data-image-width=\"486\" data-image-height=\"590\">\n        <h1 class=\"u-align-center u-custom-font u-font-merriweather u-text u-text-default u-text-1\">Notre histoire&nbsp;<\/h1>\n        <p class=\"u-align-justify u-custom-font u-font-merriweather u-large-text u-text u-text-variant u-text-2\">Projet ELI est une association cr\u00e9er en 2021.&nbsp;Cette association a pour premier but d\u2019organiser des activit\u00e9s et des voyages culturels et cr\u00e9atifs pour la jeunesse, et de cr\u00e9er un mouvement de jeunesse.<br>\n          <br>Mais aussi de permettre aux enfants les plus d\u00e9favoris\u00e9s de pouvoir participer \u00e0 des activit\u00e9s.<br>Ceci peut \u00eatre&nbsp;r\u00e9alis\u00e9 par l'interm\u00e9diaire de dons et de subventions. A ce jour, l'association ELI a d\u00e9j\u00e0 permis \u00e0 plusieurs enfants de partir en voyage (colonies de vacances ou m\u00eame voyages scolaires).Nous avons organis\u00e9 des anniversaires et cr\u00e9\u00e9 des \u00e9v\u00e9nements entre b\u00e9n\u00e9voles...<br><u><\/u>\n        <\/p>\n        <img class=\"u-image u-image-contain u-image-default u-image-2\" src=\"http:\/\/simhateli.com\/wp-content\/uploads\/2023\/03\/PAPILLON.png\" alt=\"\" data-image-width=\"1024\" data-image-height=\"768\">\n      <\/div>\n    <\/section>\n    \n    \n    \n  \n<\/div><\/div>","protected":false},"excerpt":{"rendered":"<p>Notre histoire&nbsp; Projet ELI est une association cr\u00e9er en 2021.&nbsp;Cette association a pour premier but d\u2019organiser des activit\u00e9s et des voyages culturels et cr\u00e9atifs pour la jeunesse, et de cr\u00e9er un mouvement de jeunesse. Mais aussi de permettre aux enfants les plus d\u00e9favoris\u00e9s de pouvoir participer \u00e0 des activit\u00e9s.Ceci peut \u00eatre&nbsp;r\u00e9alis\u00e9 par l&rsquo;interm\u00e9diaire de dons &hellip;<\/p>\n<p class=\"read-more\"> <a class=\"\" href=\"https:\/\/simhateli.com\/?page_id=61\"> <span class=\"screen-reader-text\">Qui sommes nous ?<\/span> Lire la suite\u00a0\u00bb<\/a><\/p>\n","protected":false},"author":1,"featured_media":0,"parent":0,"menu_order":0,"comment_status":"closed","ping_status":"closed","template":"","meta":{"_uag_custom_page_level_css":"","site-sidebar-layout":"default","site-content-layout":"default","ast-global-header-display":"","ast-main-header-display":"","ast-hfb-above-header-display":"","ast-hfb-below-header-display":"","ast-hfb-mobile-header-display":"","site-post-title":"","ast-breadcrumbs-content":"","ast-featured-img":"","footer-sml-layout":"","theme-transparent-header-meta":"","adv-header-id-meta":"","stick-header-meta":"","header-above-stick-meta":"","header-main-stick-meta":"","header-below-stick-meta":""},"yoast_head":"<!-- This site is optimized with the Yoast SEO plugin v20.7 - https:\/\/yoast.com\/wordpress\/plugins\/seo\/ -->\n<title>Qui sommes nous ? - Accueil<\/title>\n<meta name=\"robots\" content=\"index, follow, max-snippet:-1, max-image-preview:large, max-video-preview:-1\" \/>\n<link rel=\"canonical\" href=\"https:\/\/simhateli.com\/?page_id=61\" \/>\n<meta property=\"og:locale\" content=\"fr_FR\" \/>\n<meta property=\"og:type\" content=\"article\" \/>\n<meta property=\"og:title\" content=\"Qui sommes nous ? - Accueil\" \/>\n<meta property=\"og:description\" content=\"Notre histoire&nbsp; Projet ELI est une association cr\u00e9er en 2021.&nbsp;Cette association a pour premier but d\u2019organiser des activit\u00e9s et des voyages culturels et cr\u00e9atifs pour la jeunesse, et de cr\u00e9er un mouvement de jeunesse. Mais aussi de permettre aux enfants les plus d\u00e9favoris\u00e9s de pouvoir participer \u00e0 des activit\u00e9s.Ceci peut \u00eatre&nbsp;r\u00e9alis\u00e9 par l&#039;interm\u00e9diaire de dons &hellip; Qui sommes nous ? Lire la suite\u00a0\u00bb\" \/>\n<meta property=\"og:url\" content=\"https:\/\/simhateli.com\/?page_id=61\" \/>\n<meta property=\"og:site_name\" content=\"Accueil\" \/>\n<meta property=\"article:modified_time\" content=\"2023-05-11T07:29:51+00:00\" \/>\n<meta name=\"twitter:card\" content=\"summary_large_image\" \/>\n<meta name=\"twitter:label1\" content=\"Dur\u00e9e de lecture estim\u00e9e\" \/>\n\t<meta name=\"twitter:data1\" content=\"1 minute\" \/>\n<script type=\"application\/ld+json\" class=\"yoast-schema-graph\">{\"@context\":\"https:\/\/schema.org\",\"@graph\":[{\"@type\":\"WebPage\",\"@id\":\"https:\/\/simhateli.com\/?page_id=61\",\"url\":\"https:\/\/simhateli.com\/?page_id=61\",\"name\":\"Qui sommes nous ? - Accueil\",\"isPartOf\":{\"@id\":\"https:\/\/simhateli.com\/#website\"},\"datePublished\":\"2023-03-17T15:42:04+00:00\",\"dateModified\":\"2023-05-11T07:29:51+00:00\",\"breadcrumb\":{\"@id\":\"https:\/\/simhateli.com\/?page_id=61#breadcrumb\"},\"inLanguage\":\"fr-FR\",\"potentialAction\":[{\"@type\":\"ReadAction\",\"target\":[\"https:\/\/simhateli.com\/?page_id=61\"]}]},{\"@type\":\"BreadcrumbList\",\"@id\":\"https:\/\/simhateli.com\/?page_id=61#breadcrumb\",\"itemListElement\":[{\"@type\":\"ListItem\",\"position\":1,\"name\":\"Accueil\",\"item\":\"https:\/\/simhateli.com\/\"},{\"@type\":\"ListItem\",\"position\":2,\"name\":\"Qui sommes nous ?\"}]},{\"@type\":\"WebSite\",\"@id\":\"https:\/\/simhateli.com\/#website\",\"url\":\"https:\/\/simhateli.com\/\",\"name\":\"Accueil\",\"description\":\"\",\"publisher\":{\"@id\":\"https:\/\/simhateli.com\/#organization\"},\"potentialAction\":[{\"@type\":\"SearchAction\",\"target\":{\"@type\":\"EntryPoint\",\"urlTemplate\":\"https:\/\/simhateli.com\/?s={search_term_string}\"},\"query-input\":\"required name=search_term_string\"}],\"inLanguage\":\"fr-FR\"},{\"@type\":\"Organization\",\"@id\":\"https:\/\/simhateli.com\/#organization\",\"name\":\"Accueil\",\"url\":\"https:\/\/simhateli.com\/\",\"logo\":{\"@type\":\"ImageObject\",\"inLanguage\":\"fr-FR\",\"@id\":\"https:\/\/simhateli.com\/#\/schema\/logo\/image\/\",\"url\":\"https:\/\/simhateli.com\/wp-content\/uploads\/2023\/03\/Sans-titre-2.png\",\"contentUrl\":\"https:\/\/simhateli.com\/wp-content\/uploads\/2023\/03\/Sans-titre-2.png\",\"width\":2479,\"height\":3507,\"caption\":\"Accueil\"},\"image\":{\"@id\":\"https:\/\/simhateli.com\/#\/schema\/logo\/image\/\"}}]}<\/script>\n<!-- \/ Yoast SEO plugin. -->","yoast_head_json":{"title":"Qui sommes nous ? - Accueil","robots":{"index":"index","follow":"follow","max-snippet":"max-snippet:-1","max-image-preview":"max-image-preview:large","max-video-preview":"max-video-preview:-1"},"canonical":"https:\/\/simhateli.com\/?page_id=61","og_locale":"fr_FR","og_type":"article","og_title":"Qui sommes nous ? - Accueil","og_description":"Notre histoire&nbsp; Projet ELI est une association cr\u00e9er en 2021.&nbsp;Cette association a pour premier but d\u2019organiser des activit\u00e9s et des voyages culturels et cr\u00e9atifs pour la jeunesse, et de cr\u00e9er un mouvement de jeunesse. Mais aussi de permettre aux enfants les plus d\u00e9favoris\u00e9s de pouvoir participer \u00e0 des activit\u00e9s.Ceci peut \u00eatre&nbsp;r\u00e9alis\u00e9 par l'interm\u00e9diaire de dons &hellip; Qui sommes nous ? Lire la suite\u00a0\u00bb","og_url":"https:\/\/simhateli.com\/?page_id=61","og_site_name":"Accueil","article_modified_time":"2023-05-11T07:29:51+00:00","twitter_card":"summary_large_image","twitter_misc":{"Dur\u00e9e de lecture estim\u00e9e":"1 minute"},"schema":{"@context":"https:\/\/schema.org","@graph":[{"@type":"WebPage","@id":"https:\/\/simhateli.com\/?page_id=61","url":"https:\/\/simhateli.com\/?page_id=61","name":"Qui sommes nous ? - Accueil","isPartOf":{"@id":"https:\/\/simhateli.com\/#website"},"datePublished":"2023-03-17T15:42:04+00:00","dateModified":"2023-05-11T07:29:51+00:00","breadcrumb":{"@id":"https:\/\/simhateli.com\/?page_id=61#breadcrumb"},"inLanguage":"fr-FR","potentialAction":[{"@type":"ReadAction","target":["https:\/\/simhateli.com\/?page_id=61"]}]},{"@type":"BreadcrumbList","@id":"https:\/\/simhateli.com\/?page_id=61#breadcrumb","itemListElement":[{"@type":"ListItem","position":1,"name":"Accueil","item":"https:\/\/simhateli.com\/"},{"@type":"ListItem","position":2,"name":"Qui sommes nous ?"}]},{"@type":"WebSite","@id":"https:\/\/simhateli.com\/#website","url":"https:\/\/simhateli.com\/","name":"Accueil","description":"","publisher":{"@id":"https:\/\/simhateli.com\/#organization"},"potentialAction":[{"@type":"SearchAction","target":{"@type":"EntryPoint","urlTemplate":"https:\/\/simhateli.com\/?s={search_term_string}"},"query-input":"required name=search_term_string"}],"inLanguage":"fr-FR"},{"@type":"Organization","@id":"https:\/\/simhateli.com\/#organization","name":"Accueil","url":"https:\/\/simhateli.com\/","logo":{"@type":"ImageObject","inLanguage":"fr-FR","@id":"https:\/\/simhateli.com\/#\/schema\/logo\/image\/","url":"https:\/\/simhateli.com\/wp-content\/uploads\/2023\/03\/Sans-titre-2.png","contentUrl":"https:\/\/simhateli.com\/wp-content\/uploads\/2023\/03\/Sans-titre-2.png","width":2479,"height":3507,"caption":"Accueil"},"image":{"@id":"https:\/\/simhateli.com\/#\/schema\/logo\/image\/"}}]}},"uagb_featured_image_src":{"full":false,"thumbnail":false,"medium":false,"medium_large":false,"large":false,"1536x1536":false,"2048x2048":false,"woocommerce_thumbnail":false,"woocommerce_single":false,"woocommerce_gallery_thumbnail":false},"uagb_author_info":{"display_name":"evahassine30@gmail.com","author_link":"https:\/\/simhateli.com\/?author=1"},"uagb_comment_info":0,"uagb_excerpt":"Notre histoire&nbsp; Projet ELI est une association cr\u00e9er en 2021.&nbsp;Cette association a pour premier but d\u2019organiser des activit\u00e9s et des voyages culturels et cr\u00e9atifs pour la jeunesse, et de cr\u00e9er un mouvement de jeunesse. Mais aussi de permettre aux enfants les plus d\u00e9favoris\u00e9s de pouvoir participer \u00e0 des activit\u00e9s.Ceci peut \u00eatre&nbsp;r\u00e9alis\u00e9 par l'interm\u00e9diaire de dons\u2026","_links":{"self":[{"href":"https:\/\/simhateli.com\/index.php?rest_route=\/wp\/v2\/pages\/61"}],"collection":[{"href":"https:\/\/simhateli.com\/index.php?rest_route=\/wp\/v2\/pages"}],"about":[{"href":"https:\/\/simhateli.com\/index.php?rest_route=\/wp\/v2\/types\/page"}],"author":[{"embeddable":true,"href":"https:\/\/simhateli.com\/index.php?rest_route=\/wp\/v2\/users\/1"}],"replies":[{"embeddable":true,"href":"https:\/\/simhateli.com\/index.php?rest_route=%2Fwp%2Fv2%2Fcomments&post=61"}],"version-history":[{"count":5,"href":"https:\/\/simhateli.com\/index.php?rest_route=\/wp\/v2\/pages\/61\/revisions"}],"predecessor-version":[{"id":717,"href":"https:\/\/simhateli.com\/index.php?rest_route=\/wp\/v2\/pages\/61\/revisions\/717"}],"wp:attachment":[{"href":"https:\/\/simhateli.com\/index.php?rest_route=%2Fwp%2Fv2%2Fmedia&parent=61"}],"curies":[{"name":"wp","href":"https:\/\/api.w.org\/{rel}","templated":true}]}}