{"id":63,"date":"2023-03-17T15:42:04","date_gmt":"2023-03-17T15:42:04","guid":{"rendered":"https:\/\/simhateli.com\/?page_id=63"},"modified":"2023-04-27T16:13:03","modified_gmt":"2023-04-27T16:13:03","slug":"devenir-animateur","status":"publish","type":"page","link":"https:\/\/simhateli.com\/?page_id=63","title":{"rendered":"Devenir Animateur ?"},"content":{"rendered":"<div class=\"nicepage-container\"><div class=\"\" style=\"\" >        <script>\n            (function ($) {\n                var ResponsiveCms = window.ResponsiveCms;\n                if (!ResponsiveCms) {\n                    return;\n                }\n                ResponsiveCms.contentDom = $('script:last').parent();\n                ResponsiveCms.prevMode = \"XL\";\n\n                if (typeof ResponsiveCms.recalcClasses === 'function') {\n                    ResponsiveCms.recalcClasses();\n                }\n            })(jQuery);\n        <\/script>\n        \n    \n    <section class=\"u-align-center u-clearfix u-grey-5 u-section-2\" id=\"carousel_be4c\">\n      <div class=\"u-absolute-hcenter u-expanded u-gradient u-shape u-shape-rectangle u-shape-1\"><\/div>\n      <div class=\"u-clearfix u-layout-wrap u-layout-wrap-1\">\n        <div class=\"u-layout\">\n          <div class=\"u-layout-row\">\n            <div class=\"u-align-left u-container-align-center u-container-style u-layout-cell u-radius-30 u-shape-round u-size-60 u-white u-layout-cell-1\">\n              <div class=\"u-container-layout u-valign-middle u-container-layout-1\">\n                <h3 class=\"u-align-center u-custom-font u-font-merriweather u-text u-text-1\">Devenir Animateur \u00e0 Simhat Eli<\/h3>\n                <div class=\"u-expanded-width u-form u-form-1\">\n                  <form action=\"https:\/\/forms.nicepagesrv.com\/v2\/form\/process\" class=\"u-clearfix u-form-spacing-15 u-form-vertical u-inner-form\" style=\"padding: 0;\" source=\"email\" name=\"form\">\n                    <div class=\"u-form-group u-form-name\">\n                      <label for=\"name-daf4\" class=\"u-custom-font u-font-montserrat u-label u-label-1\">Nom<\/label>\n                      <input type=\"text\" placeholder=\"Entrez votre nom\" id=\"name-daf4\" name=\"name\" class=\"u-border-black u-border-no-left u-border-no-right u-border-no-top u-input u-input-rectangle\" required=\"\" wfd-id=\"id385\">\n                    <\/div>\n                    <div class=\"u-form-group u-form-name u-form-group-2\">\n                      <label for=\"name-62c7\" class=\"u-custom-font u-font-montserrat u-label u-label-2\">Pr\u00e9nom<\/label>\n                      <input type=\"text\" placeholder=\"Saisir votre pr\u00e9nom\" id=\"name-62c7\" name=\"prenom-1\" class=\"u-border-black u-border-no-left u-border-no-right u-border-no-top u-input u-input-rectangle\" required=\"\" spellcheck=\"false\">\n                    <\/div>\n                    <div class=\"u-form-date u-form-group u-form-group-3\">\n                      <label for=\"date-ec57\" class=\"u-custom-font u-font-montserrat u-label u-label-3\">Date de naissance<\/label>\n                      <input type=\"text\" readonly=\"readonly\" placeholder=\"DD\/MM\/YYYY\" id=\"date-ec57\" name=\"date\" class=\"u-border-black u-border-no-left u-border-no-right u-border-no-top u-input u-input-rectangle\" required=\"\" data-date-format=\"dd\/mm\/yyyy\">\n                    <\/div>\n                    <div class=\"u-form-email u-form-group\">\n                      <label for=\"email-daf4\" class=\"u-custom-font u-font-montserrat u-label u-label-4\">Email<\/label>\n                      <input type=\"email\" placeholder=\"Entrez une adresse Email valide\" id=\"email-daf4\" name=\"email\" class=\"u-border-black u-border-no-left u-border-no-right u-border-no-top u-input u-input-rectangle\" required=\"\" wfd-id=\"id386\">\n                    <\/div>\n                    <div class=\"u-form-checkbox-group u-form-group u-form-input-layout-horizontal u-form-group-5\">\n                      <label class=\"u-custom-font u-font-montserrat u-label u-label-5\">Selectionnez la section<\/label>\n                      <div class=\"u-form-checkbox-group-wrapper\">\n                        <div class=\"u-input-row\">\n                          <input id=\"field-046c\" type=\"checkbox\" name=\"radiobutton[]\" value=\"Simhat Eli BOYS\" class=\"u-agree-checkbox u-field-input\" data-calc=\"\" required=\"required\">\n                          <label class=\"u-field-label\" for=\"field-046c\">Simhat Eli BOYS<\/label>\n                        <\/div>\n                        <div class=\"u-input-row\">\n                          <input id=\"field-66a7\" type=\"checkbox\" name=\"radiobutton[]\" value=\"Simhat Eli GIRLS\" class=\"u-agree-checkbox u-field-input\" data-calc=\"\" required=\"required\">\n                          <label class=\"u-field-label\" for=\"field-66a7\">Simhat Eli GIRLS<\/label>\n                        <\/div>\n                      <\/div>\n                    <\/div>\n                    <div class=\"u-form-checkbox-group u-form-group u-form-input-layout-vertical u-form-group-6\">\n                      <label class=\"u-custom-font u-font-montserrat u-label u-label-6\">Titulaire du BAfa<\/label>\n                      <div class=\"u-form-checkbox-group-wrapper\">\n                        <div class=\"u-input-row\">\n                          <input id=\"field-81f4\" type=\"checkbox\" name=\"checkbox[]\" value=\"NON\" class=\"u-agree-checkbox u-field-input\" data-calc=\"\" required=\"required\">\n                          <label class=\"u-field-label\" for=\"field-81f4\">NON<\/label>\n                        <\/div>\n                        <div class=\"u-input-row\">\n                          <input id=\"field-0b2b\" type=\"checkbox\" name=\"checkbox[]\" value=\"Pratique\" class=\"u-agree-checkbox u-field-input\" data-calc=\"\" required=\"required\">\n                          <label class=\"u-field-label\" for=\"field-0b2b\">Pratique<\/label>\n                        <\/div>\n                        <div class=\"u-input-row\">\n                          <input id=\"field-3b22\" type=\"checkbox\" name=\"checkbox[]\" value=\"Th\u00e9orique\" class=\"u-agree-checkbox u-field-input\" data-calc=\"\" required=\"required\">\n                          <label class=\"u-field-label\" for=\"field-3b22\">Th\u00e9orique<\/label>\n                        <\/div>\n                        <div class=\"u-input-row\">\n                          <input id=\"field-2068\" type=\"checkbox\" name=\"checkbox[]\" value=\"Approfondissement\" class=\"u-field-input\" data-calc=\"\">\n                          <label class=\"u-field-label\" for=\"field-2068\">Approfondissement<\/label>\n                        <\/div>\n                        <div class=\"u-input-row\">\n                          <input id=\"field-630e\" type=\"checkbox\" name=\"checkbox[]\" value=\"Complet\" class=\"u-field-input\" data-calc=\"\">\n                          <label class=\"u-field-label\" for=\"field-630e\">Complet<\/label>\n                        <\/div>\n                      <\/div>\n                    <\/div>\n                    <div class=\"u-form-group u-form-message\">\n                      <label for=\"message-daf4\" class=\"u-custom-font u-font-montserrat u-label u-label-7\">Mes exp\u00e9riences<\/label>\n                      <textarea placeholder=\"Veuillez remplir vos experiences \" rows=\"4\" cols=\"50\" id=\"message-daf4\" name=\"message\" class=\"u-border-black u-border-no-left u-border-no-right u-border-no-top u-input u-input-rectangle\" required=\"\"><\/textarea>\n                    <\/div>\n                    <div class=\"u-form-group u-form-phone u-form-group-8\">\n                      <label for=\"phone-9259\" class=\"u-custom-font u-font-montserrat u-label u-label-8\">Numero de T\u00e9l\u00e9phone<\/label>\n                      <input type=\"tel\" pattern=\"\\+?\\d{0,3}[\\s\\(\\-]?([0-9]{2,3})[\\s\\)\\-]?([\\s\\-]?)([0-9]{3})[\\s\\-]?([0-9]{2})[\\s\\-]?([0-9]{2})\" placeholder=\"Saisir votre t\u00e9l\u00e9phone (par ex +330600000000)\" id=\"phone-9259\" name=\"phone\" class=\"u-border-black u-border-no-left u-border-no-right u-border-no-top u-input u-input-rectangle\" required=\"\" maxlength=\"10\">\n                    <\/div>\n                    <div class=\"u-align-left u-form-group u-form-submit\">\n                      <a href=\"#\" class=\"u-active-white u-border-2 u-border-active-palette-1-base u-border-hover-palette-1-base u-border-palette-1-base u-btn u-btn-round u-btn-submit u-button-style u-custom-color-5 u-hover-custom-color-2 u-radius-50 u-btn-1\" spellcheck=\"false\">Envoyer<\/a>\n                      <input type=\"submit\" value=\"submit\" class=\"u-form-control-hidden\" wfd-id=\"id388\">\n                    <\/div>\n                    <div class=\"u-form-send-message u-form-send-success\">Merci! Votre message a \u00e9t\u00e9 envoy\u00e9.<\/div>\n                    <div class=\"u-form-send-error u-form-send-message\">Impossible d\u2019envoyer votre message. Veuillez corriger les erreurs, puis r\u00e9essayer.<\/div>\n                    <input type=\"hidden\" value=\"\" name=\"recaptchaResponse\" wfd-id=\"id389\">\n                    <input type=\"hidden\" name=\"formServices\" value=\"7adeb3850ca17221298dafbae8ffa5d1\">\n                  <\/form>\n                <\/div>\n                <mci-extension id=\"overlay-root\"><\/mci-extension>\n              <\/div>\n            <\/div>\n          <\/div>\n        <\/div>\n      <\/div>\n    <\/section>\n    \n    \n    \n  \n<\/div><\/div>","protected":false},"excerpt":{"rendered":"<p>Devenir Animateur \u00e0 Simhat Eli Nom Pr\u00e9nom Date de naissance Email Selectionnez la section Simhat Eli BOYS Simhat Eli GIRLS Titulaire du BAfa NON Pratique Th\u00e9orique Approfondissement Complet Mes exp\u00e9riences Numero de T\u00e9l\u00e9phone Envoyer Merci! Votre message a \u00e9t\u00e9 envoy\u00e9. Impossible d\u2019envoyer votre message. Veuillez corriger les erreurs, puis r\u00e9essayer.<\/p>\n","protected":false},"author":1,"featured_media":0,"parent":0,"menu_order":0,"comment_status":"closed","ping_status":"closed","template":"","meta":{"_uag_custom_page_level_css":"","site-sidebar-layout":"default","site-content-layout":"default","ast-global-header-display":"","ast-main-header-display":"","ast-hfb-above-header-display":"","ast-hfb-below-header-display":"","ast-hfb-mobile-header-display":"","site-post-title":"","ast-breadcrumbs-content":"","ast-featured-img":"","footer-sml-layout":"","theme-transparent-header-meta":"","adv-header-id-meta":"","stick-header-meta":"","header-above-stick-meta":"","header-main-stick-meta":"","header-below-stick-meta":""},"yoast_head":"<!-- This site is optimized with the Yoast SEO plugin v20.7 - https:\/\/yoast.com\/wordpress\/plugins\/seo\/ -->\n<title>Devenir Animateur ? - Accueil<\/title>\n<meta name=\"robots\" content=\"index, follow, max-snippet:-1, max-image-preview:large, max-video-preview:-1\" \/>\n<link rel=\"canonical\" href=\"https:\/\/simhateli.com\/?page_id=63\" \/>\n<meta property=\"og:locale\" content=\"fr_FR\" \/>\n<meta property=\"og:type\" content=\"article\" \/>\n<meta property=\"og:title\" content=\"Devenir Animateur ? - Accueil\" \/>\n<meta property=\"og:description\" content=\"Devenir Animateur \u00e0 Simhat Eli Nom Pr\u00e9nom Date de naissance Email Selectionnez la section Simhat Eli BOYS Simhat Eli GIRLS Titulaire du BAfa NON Pratique Th\u00e9orique Approfondissement Complet Mes exp\u00e9riences Numero de T\u00e9l\u00e9phone Envoyer Merci! Votre message a \u00e9t\u00e9 envoy\u00e9. Impossible d\u2019envoyer votre message. Veuillez corriger les erreurs, puis r\u00e9essayer.\" \/>\n<meta property=\"og:url\" content=\"https:\/\/simhateli.com\/?page_id=63\" \/>\n<meta property=\"og:site_name\" content=\"Accueil\" \/>\n<meta property=\"article:modified_time\" content=\"2023-04-27T16:13:03+00:00\" \/>\n<meta name=\"twitter:card\" content=\"summary_large_image\" \/>\n<script type=\"application\/ld+json\" class=\"yoast-schema-graph\">{\"@context\":\"https:\/\/schema.org\",\"@graph\":[{\"@type\":\"WebPage\",\"@id\":\"https:\/\/simhateli.com\/?page_id=63\",\"url\":\"https:\/\/simhateli.com\/?page_id=63\",\"name\":\"Devenir Animateur ? - Accueil\",\"isPartOf\":{\"@id\":\"https:\/\/simhateli.com\/#website\"},\"datePublished\":\"2023-03-17T15:42:04+00:00\",\"dateModified\":\"2023-04-27T16:13:03+00:00\",\"breadcrumb\":{\"@id\":\"https:\/\/simhateli.com\/?page_id=63#breadcrumb\"},\"inLanguage\":\"fr-FR\",\"potentialAction\":[{\"@type\":\"ReadAction\",\"target\":[\"https:\/\/simhateli.com\/?page_id=63\"]}]},{\"@type\":\"BreadcrumbList\",\"@id\":\"https:\/\/simhateli.com\/?page_id=63#breadcrumb\",\"itemListElement\":[{\"@type\":\"ListItem\",\"position\":1,\"name\":\"Accueil\",\"item\":\"https:\/\/simhateli.com\/\"},{\"@type\":\"ListItem\",\"position\":2,\"name\":\"Devenir Animateur ?\"}]},{\"@type\":\"WebSite\",\"@id\":\"https:\/\/simhateli.com\/#website\",\"url\":\"https:\/\/simhateli.com\/\",\"name\":\"Accueil\",\"description\":\"\",\"publisher\":{\"@id\":\"https:\/\/simhateli.com\/#organization\"},\"potentialAction\":[{\"@type\":\"SearchAction\",\"target\":{\"@type\":\"EntryPoint\",\"urlTemplate\":\"https:\/\/simhateli.com\/?s={search_term_string}\"},\"query-input\":\"required name=search_term_string\"}],\"inLanguage\":\"fr-FR\"},{\"@type\":\"Organization\",\"@id\":\"https:\/\/simhateli.com\/#organization\",\"name\":\"Accueil\",\"url\":\"https:\/\/simhateli.com\/\",\"logo\":{\"@type\":\"ImageObject\",\"inLanguage\":\"fr-FR\",\"@id\":\"https:\/\/simhateli.com\/#\/schema\/logo\/image\/\",\"url\":\"https:\/\/simhateli.com\/wp-content\/uploads\/2023\/03\/Sans-titre-2.png\",\"contentUrl\":\"https:\/\/simhateli.com\/wp-content\/uploads\/2023\/03\/Sans-titre-2.png\",\"width\":2479,\"height\":3507,\"caption\":\"Accueil\"},\"image\":{\"@id\":\"https:\/\/simhateli.com\/#\/schema\/logo\/image\/\"}}]}<\/script>\n<!-- \/ Yoast SEO plugin. -->","yoast_head_json":{"title":"Devenir Animateur ? - Accueil","robots":{"index":"index","follow":"follow","max-snippet":"max-snippet:-1","max-image-preview":"max-image-preview:large","max-video-preview":"max-video-preview:-1"},"canonical":"https:\/\/simhateli.com\/?page_id=63","og_locale":"fr_FR","og_type":"article","og_title":"Devenir Animateur ? - Accueil","og_description":"Devenir Animateur \u00e0 Simhat Eli Nom Pr\u00e9nom Date de naissance Email Selectionnez la section Simhat Eli BOYS Simhat Eli GIRLS Titulaire du BAfa NON Pratique Th\u00e9orique Approfondissement Complet Mes exp\u00e9riences Numero de T\u00e9l\u00e9phone Envoyer Merci! Votre message a \u00e9t\u00e9 envoy\u00e9. Impossible d\u2019envoyer votre message. Veuillez corriger les erreurs, puis r\u00e9essayer.","og_url":"https:\/\/simhateli.com\/?page_id=63","og_site_name":"Accueil","article_modified_time":"2023-04-27T16:13:03+00:00","twitter_card":"summary_large_image","schema":{"@context":"https:\/\/schema.org","@graph":[{"@type":"WebPage","@id":"https:\/\/simhateli.com\/?page_id=63","url":"https:\/\/simhateli.com\/?page_id=63","name":"Devenir Animateur ? - Accueil","isPartOf":{"@id":"https:\/\/simhateli.com\/#website"},"datePublished":"2023-03-17T15:42:04+00:00","dateModified":"2023-04-27T16:13:03+00:00","breadcrumb":{"@id":"https:\/\/simhateli.com\/?page_id=63#breadcrumb"},"inLanguage":"fr-FR","potentialAction":[{"@type":"ReadAction","target":["https:\/\/simhateli.com\/?page_id=63"]}]},{"@type":"BreadcrumbList","@id":"https:\/\/simhateli.com\/?page_id=63#breadcrumb","itemListElement":[{"@type":"ListItem","position":1,"name":"Accueil","item":"https:\/\/simhateli.com\/"},{"@type":"ListItem","position":2,"name":"Devenir Animateur ?"}]},{"@type":"WebSite","@id":"https:\/\/simhateli.com\/#website","url":"https:\/\/simhateli.com\/","name":"Accueil","description":"","publisher":{"@id":"https:\/\/simhateli.com\/#organization"},"potentialAction":[{"@type":"SearchAction","target":{"@type":"EntryPoint","urlTemplate":"https:\/\/simhateli.com\/?s={search_term_string}"},"query-input":"required name=search_term_string"}],"inLanguage":"fr-FR"},{"@type":"Organization","@id":"https:\/\/simhateli.com\/#organization","name":"Accueil","url":"https:\/\/simhateli.com\/","logo":{"@type":"ImageObject","inLanguage":"fr-FR","@id":"https:\/\/simhateli.com\/#\/schema\/logo\/image\/","url":"https:\/\/simhateli.com\/wp-content\/uploads\/2023\/03\/Sans-titre-2.png","contentUrl":"https:\/\/simhateli.com\/wp-content\/uploads\/2023\/03\/Sans-titre-2.png","width":2479,"height":3507,"caption":"Accueil"},"image":{"@id":"https:\/\/simhateli.com\/#\/schema\/logo\/image\/"}}]}},"uagb_featured_image_src":{"full":false,"thumbnail":false,"medium":false,"medium_large":false,"large":false,"1536x1536":false,"2048x2048":false,"woocommerce_thumbnail":false,"woocommerce_single":false,"woocommerce_gallery_thumbnail":false},"uagb_author_info":{"display_name":"evahassine30@gmail.com","author_link":"https:\/\/simhateli.com\/?author=1"},"uagb_comment_info":0,"uagb_excerpt":"Devenir Animateur \u00e0 Simhat Eli Nom Pr\u00e9nom Date de naissance Email Selectionnez la section Simhat Eli BOYS Simhat Eli GIRLS Titulaire du BAfa NON Pratique Th\u00e9orique Approfondissement Complet Mes exp\u00e9riences Numero de T\u00e9l\u00e9phone Envoyer Merci! Votre message a \u00e9t\u00e9 envoy\u00e9. Impossible d\u2019envoyer votre message. Veuillez corriger les erreurs, puis r\u00e9essayer.","_links":{"self":[{"href":"https:\/\/simhateli.com\/index.php?rest_route=\/wp\/v2\/pages\/63"}],"collection":[{"href":"https:\/\/simhateli.com\/index.php?rest_route=\/wp\/v2\/pages"}],"about":[{"href":"https:\/\/simhateli.com\/index.php?rest_route=\/wp\/v2\/types\/page"}],"author":[{"embeddable":true,"href":"https:\/\/simhateli.com\/index.php?rest_route=\/wp\/v2\/users\/1"}],"replies":[{"embeddable":true,"href":"https:\/\/simhateli.com\/index.php?rest_route=%2Fwp%2Fv2%2Fcomments&post=63"}],"version-history":[{"count":6,"href":"https:\/\/simhateli.com\/index.php?rest_route=\/wp\/v2\/pages\/63\/revisions"}],"predecessor-version":[{"id":648,"href":"https:\/\/simhateli.com\/index.php?rest_route=\/wp\/v2\/pages\/63\/revisions\/648"}],"wp:attachment":[{"href":"https:\/\/simhateli.com\/index.php?rest_route=%2Fwp%2Fv2%2Fmedia&parent=63"}],"curies":[{"name":"wp","href":"https:\/\/api.w.org\/{rel}","templated":true}]}}