{"id":64,"date":"2023-03-17T15:42:04","date_gmt":"2023-03-17T15:42:04","guid":{"rendered":"https:\/\/simhateli.com\/?page_id=64"},"modified":"2023-04-27T16:11:36","modified_gmt":"2023-04-27T16:11:36","slug":"nous-soutenir","status":"publish","type":"page","link":"https:\/\/simhateli.com\/?page_id=64","title":{"rendered":"Nous soutenir"},"content":{"rendered":"\n<h2>Vous souhaitez soutenir notre association et faire un don contre un re\u00e7u CERFA ?<\/h2>\n\n\n<script type=\"text\/javascript\" src=\"\/\/www.jotform.com\/jsform\/231162330520338?redirect=1\"><\/script>\n\n\n<p>Un grand merci pour votre g\u00e9n\u00e9rosit\u00e9&nbsp;<img decoding=\"async\" src=\"https:\/\/fonts.gstatic.com\/s\/e\/notoemoji\/15.0\/1f499\/72.png\" alt=\"\ud83d\udc99\"><\/p>\n","protected":false},"excerpt":{"rendered":"<p>Vous souhaitez soutenir notre association et faire un don contre un re\u00e7u CERFA ? Un grand merci pour votre g\u00e9n\u00e9rosit\u00e9&nbsp;<\/p>\n","protected":false},"author":1,"featured_media":0,"parent":0,"menu_order":0,"comment_status":"closed","ping_status":"closed","template":"","meta":{"_uag_custom_page_level_css":"","site-sidebar-layout":"default","site-content-layout":"default","ast-global-header-display":"","ast-main-header-display":"","ast-hfb-above-header-display":"","ast-hfb-below-header-display":"","ast-hfb-mobile-header-display":"","site-post-title":"","ast-breadcrumbs-content":"","ast-featured-img":"","footer-sml-layout":"","theme-transparent-header-meta":"","adv-header-id-meta":"","stick-header-meta":"","header-above-stick-meta":"","header-main-stick-meta":"","header-below-stick-meta":""},"yoast_head":"<!-- This site is optimized with the Yoast SEO plugin v20.7 - https:\/\/yoast.com\/wordpress\/plugins\/seo\/ -->\n<title>Nous soutenir - Accueil<\/title>\n<meta name=\"robots\" content=\"index, follow, max-snippet:-1, max-image-preview:large, max-video-preview:-1\" \/>\n<link rel=\"canonical\" href=\"https:\/\/simhateli.com\/?page_id=64\" \/>\n<meta property=\"og:locale\" content=\"fr_FR\" \/>\n<meta property=\"og:type\" content=\"article\" \/>\n<meta property=\"og:title\" content=\"Nous soutenir - Accueil\" \/>\n<meta property=\"og:description\" content=\"Vous souhaitez soutenir notre association et faire un don contre un re\u00e7u CERFA ? Un grand merci pour votre g\u00e9n\u00e9rosit\u00e9&nbsp;\" \/>\n<meta property=\"og:url\" content=\"https:\/\/simhateli.com\/?page_id=64\" \/>\n<meta property=\"og:site_name\" content=\"Accueil\" \/>\n<meta property=\"article:modified_time\" content=\"2023-04-27T16:11:36+00:00\" \/>\n<meta property=\"og:image\" content=\"https:\/\/fonts.gstatic.com\/s\/e\/notoemoji\/15.0\/1f499\/72.png\" \/>\n<meta name=\"twitter:card\" content=\"summary_large_image\" \/>\n<script type=\"application\/ld+json\" class=\"yoast-schema-graph\">{\"@context\":\"https:\/\/schema.org\",\"@graph\":[{\"@type\":\"WebPage\",\"@id\":\"https:\/\/simhateli.com\/?page_id=64\",\"url\":\"https:\/\/simhateli.com\/?page_id=64\",\"name\":\"Nous soutenir - Accueil\",\"isPartOf\":{\"@id\":\"https:\/\/simhateli.com\/#website\"},\"datePublished\":\"2023-03-17T15:42:04+00:00\",\"dateModified\":\"2023-04-27T16:11:36+00:00\",\"breadcrumb\":{\"@id\":\"https:\/\/simhateli.com\/?page_id=64#breadcrumb\"},\"inLanguage\":\"fr-FR\",\"potentialAction\":[{\"@type\":\"ReadAction\",\"target\":[\"https:\/\/simhateli.com\/?page_id=64\"]}]},{\"@type\":\"BreadcrumbList\",\"@id\":\"https:\/\/simhateli.com\/?page_id=64#breadcrumb\",\"itemListElement\":[{\"@type\":\"ListItem\",\"position\":1,\"name\":\"Accueil\",\"item\":\"https:\/\/simhateli.com\/\"},{\"@type\":\"ListItem\",\"position\":2,\"name\":\"Nous soutenir\"}]},{\"@type\":\"WebSite\",\"@id\":\"https:\/\/simhateli.com\/#website\",\"url\":\"https:\/\/simhateli.com\/\",\"name\":\"Accueil\",\"description\":\"\",\"publisher\":{\"@id\":\"https:\/\/simhateli.com\/#organization\"},\"potentialAction\":[{\"@type\":\"SearchAction\",\"target\":{\"@type\":\"EntryPoint\",\"urlTemplate\":\"https:\/\/simhateli.com\/?s={search_term_string}\"},\"query-input\":\"required name=search_term_string\"}],\"inLanguage\":\"fr-FR\"},{\"@type\":\"Organization\",\"@id\":\"https:\/\/simhateli.com\/#organization\",\"name\":\"Accueil\",\"url\":\"https:\/\/simhateli.com\/\",\"logo\":{\"@type\":\"ImageObject\",\"inLanguage\":\"fr-FR\",\"@id\":\"https:\/\/simhateli.com\/#\/schema\/logo\/image\/\",\"url\":\"https:\/\/simhateli.com\/wp-content\/uploads\/2023\/03\/Sans-titre-2.png\",\"contentUrl\":\"https:\/\/simhateli.com\/wp-content\/uploads\/2023\/03\/Sans-titre-2.png\",\"width\":2479,\"height\":3507,\"caption\":\"Accueil\"},\"image\":{\"@id\":\"https:\/\/simhateli.com\/#\/schema\/logo\/image\/\"}}]}<\/script>\n<!-- \/ Yoast SEO plugin. -->","yoast_head_json":{"title":"Nous soutenir - Accueil","robots":{"index":"index","follow":"follow","max-snippet":"max-snippet:-1","max-image-preview":"max-image-preview:large","max-video-preview":"max-video-preview:-1"},"canonical":"https:\/\/simhateli.com\/?page_id=64","og_locale":"fr_FR","og_type":"article","og_title":"Nous soutenir - Accueil","og_description":"Vous souhaitez soutenir notre association et faire un don contre un re\u00e7u CERFA ? Un grand merci pour votre g\u00e9n\u00e9rosit\u00e9&nbsp;","og_url":"https:\/\/simhateli.com\/?page_id=64","og_site_name":"Accueil","article_modified_time":"2023-04-27T16:11:36+00:00","og_image":[{"url":"https:\/\/fonts.gstatic.com\/s\/e\/notoemoji\/15.0\/1f499\/72.png"}],"twitter_card":"summary_large_image","schema":{"@context":"https:\/\/schema.org","@graph":[{"@type":"WebPage","@id":"https:\/\/simhateli.com\/?page_id=64","url":"https:\/\/simhateli.com\/?page_id=64","name":"Nous soutenir - Accueil","isPartOf":{"@id":"https:\/\/simhateli.com\/#website"},"datePublished":"2023-03-17T15:42:04+00:00","dateModified":"2023-04-27T16:11:36+00:00","breadcrumb":{"@id":"https:\/\/simhateli.com\/?page_id=64#breadcrumb"},"inLanguage":"fr-FR","potentialAction":[{"@type":"ReadAction","target":["https:\/\/simhateli.com\/?page_id=64"]}]},{"@type":"BreadcrumbList","@id":"https:\/\/simhateli.com\/?page_id=64#breadcrumb","itemListElement":[{"@type":"ListItem","position":1,"name":"Accueil","item":"https:\/\/simhateli.com\/"},{"@type":"ListItem","position":2,"name":"Nous soutenir"}]},{"@type":"WebSite","@id":"https:\/\/simhateli.com\/#website","url":"https:\/\/simhateli.com\/","name":"Accueil","description":"","publisher":{"@id":"https:\/\/simhateli.com\/#organization"},"potentialAction":[{"@type":"SearchAction","target":{"@type":"EntryPoint","urlTemplate":"https:\/\/simhateli.com\/?s={search_term_string}"},"query-input":"required name=search_term_string"}],"inLanguage":"fr-FR"},{"@type":"Organization","@id":"https:\/\/simhateli.com\/#organization","name":"Accueil","url":"https:\/\/simhateli.com\/","logo":{"@type":"ImageObject","inLanguage":"fr-FR","@id":"https:\/\/simhateli.com\/#\/schema\/logo\/image\/","url":"https:\/\/simhateli.com\/wp-content\/uploads\/2023\/03\/Sans-titre-2.png","contentUrl":"https:\/\/simhateli.com\/wp-content\/uploads\/2023\/03\/Sans-titre-2.png","width":2479,"height":3507,"caption":"Accueil"},"image":{"@id":"https:\/\/simhateli.com\/#\/schema\/logo\/image\/"}}]}},"uagb_featured_image_src":{"full":false,"thumbnail":false,"medium":false,"medium_large":false,"large":false,"1536x1536":false,"2048x2048":false,"woocommerce_thumbnail":false,"woocommerce_single":false,"woocommerce_gallery_thumbnail":false},"uagb_author_info":{"display_name":"evahassine30@gmail.com","author_link":"https:\/\/simhateli.com\/?author=1"},"uagb_comment_info":0,"uagb_excerpt":"Vous souhaitez soutenir notre association et faire un don contre un re\u00e7u CERFA ? Un grand merci pour votre g\u00e9n\u00e9rosit\u00e9&nbsp;","_links":{"self":[{"href":"https:\/\/simhateli.com\/index.php?rest_route=\/wp\/v2\/pages\/64"}],"collection":[{"href":"https:\/\/simhateli.com\/index.php?rest_route=\/wp\/v2\/pages"}],"about":[{"href":"https:\/\/simhateli.com\/index.php?rest_route=\/wp\/v2\/types\/page"}],"author":[{"embeddable":true,"href":"https:\/\/simhateli.com\/index.php?rest_route=\/wp\/v2\/users\/1"}],"replies":[{"embeddable":true,"href":"https:\/\/simhateli.com\/index.php?rest_route=%2Fwp%2Fv2%2Fcomments&post=64"}],"version-history":[{"count":3,"href":"https:\/\/simhateli.com\/index.php?rest_route=\/wp\/v2\/pages\/64\/revisions"}],"predecessor-version":[{"id":647,"href":"https:\/\/simhateli.com\/index.php?rest_route=\/wp\/v2\/pages\/64\/revisions\/647"}],"wp:attachment":[{"href":"https:\/\/simhateli.com\/index.php?rest_route=%2Fwp%2Fv2%2Fmedia&parent=64"}],"curies":[{"name":"wp","href":"https:\/\/api.w.org\/{rel}","templated":true}]}}